{"id":95,"date":"2023-11-08T12:36:30","date_gmt":"2023-11-08T09:36:30","guid":{"rendered":"https:\/\/macroparke.com\/?page_id=95"},"modified":"2025-12-19T13:56:13","modified_gmt":"2025-12-19T10:56:13","slug":"hakkimizda","status":"publish","type":"page","link":"https:\/\/macroparke.com\/index.php\/hakkimizda\/","title":{"rendered":"Hakk\u0131m\u0131zda"},"content":{"rendered":"\t\t<div data-elementor-type=\"wp-page\" data-elementor-id=\"95\" class=\"elementor elementor-95\">\n\t\t\t\t\t\t<section class=\"elementor-section elementor-top-section elementor-element elementor-element-554ba6bc elementor-section-full_width elementor-section-stretched elementor-section-height-default elementor-section-height-default\" data-id=\"554ba6bc\" data-element_type=\"section\" data-e-type=\"section\" data-settings=\"{&quot;stretch_section&quot;:&quot;section-stretched&quot;}\">\n\t\t\t\t\t\t<div class=\"elementor-container elementor-column-gap-no\">\n\t\t\t\t\t<div class=\"elementor-column elementor-col-100 elementor-top-column elementor-element elementor-element-5fe5c8ae\" data-id=\"5fe5c8ae\" data-element_type=\"column\" data-e-type=\"column\">\n\t\t\t<div class=\"elementor-widget-wrap elementor-element-populated\">\n\t\t\t\t\t\t<div class=\"elementor-element elementor-element-2e8c9b40 elementor-widget elementor-widget-sina_banner_slider\" data-id=\"2e8c9b40\" data-element_type=\"widget\" data-e-type=\"widget\" data-widget_type=\"sina_banner_slider.default\">\n\t\t\t\t<div class=\"elementor-widget-container\">\n\t\t\t\t\t\t\t<div class=\"sina-banner-slider owl-carousel\"\r\n\t\tdata-autoplay=\"yes\"\r\n\t\tdata-pause=\"yes\"\r\n\t\tdata-nav=\"yes\"\r\n\t\tdata-dots=\"yes\"\r\n\t\tdata-mouse-drag=\"yes\"\r\n\t\tdata-touch-drag=\"yes\"\r\n\t\tdata-loop=\"yes\"\r\n\t\tdata-speed=\"\"\r\n\t\tdata-part-anim=\"yes\"\r\n\t\tdata-delay=\"5000\">\r\n\r\n\t\t\t\t\t\t\t<div class=\"sina-slider-content sina-bg-cover\" style=\"background-image: url(https:\/\/macroparke.com\/wp-content\/uploads\/2025\/10\/homepage1.jpg);\">\r\n\t\t\t\t\t\t\t\t\t\t\t<div class=\"sina-overlay\"><\/div>\r\n\t\t\t\t\t\r\n\t\t\t\t\t<div class=\"sina-banner-container elementor-repeater-item-dc4fb86\">\r\n\r\n\t\t\t\t\t\t\t\t\t\t\t\t\t\t\t\t\t\t\t\t<h1 class=\"sina-banner-title sina-anim-invisible\" data-animation=\"animated zoomIn\">Misyonumuz ve Vizyonumuz <\/h1>\t\t\t\t\t\t\r\n\t\t\t\t\t\t\r\n\t\t\t\t\t\t\t\t\t\t\t\t\t<div class=\"sina-banner-desc sina-anim-invisible\" data-animation=\"animated fadeInUp\">Hakk\u0131nda detayl\u0131 bilgi alabilirsiniz, merak ettiklerinizi sormak i\u00e7in t\u0131klay\u0131n\u0131z.<\/div>\t\t\t\t\t\t\r\n\t\t\t\t\t\t\t\t\t\t\t\t\t<div class=\"sina-banner-btns sina-anim-invisible\" data-animation=\"animated fadeInUp\">\r\n\t\t\t\t\t\t\t\t\t\t\t\t\t\t\t\t\t<a class=\"sina-banner-pbtn   \" href=\"https:\/\/api.whatsapp.com\/send\/?phone=905322876401\" target=\"_blank\" rel=\"noopener\">\r\n\t\t\t\t\t\t\t\t\t\t\t\tDaha Fazla Bilgi\t\t\t\t\t\t\t\t\t\t\t<\/a>\r\n\t\t\t\t\t\t\t\t\r\n\t\t\t\t\t\t\t\t\t\t\t\t\t\t\t<\/div>\r\n\t\t\t\t\t\t\t\t\t\t\t<\/div>\r\n\t\t\t\t<\/div>\r\n\t\t\t\t\t<\/div><!-- .sina-banner-slider -->\r\n\t\t\t\t\t\t<\/div>\n\t\t\t\t<\/div>\n\t\t\t\t\t<\/div>\n\t\t<\/div>\n\t\t\t\t\t<\/div>\n\t\t<\/section>\n\t\t<div class=\"elementor-element elementor-element-c062e09 e-flex e-con-boxed e-con e-parent\" data-id=\"c062e09\" data-element_type=\"container\" data-e-type=\"container\">\n\t\t\t\t\t<div class=\"e-con-inner\">\n\t\t\t\t\t<\/div>\n\t\t\t\t<\/div>\n\t\t<div class=\"elementor-element elementor-element-8911368 e-flex e-con-boxed e-con e-parent\" data-id=\"8911368\" data-element_type=\"container\" data-e-type=\"container\">\n\t\t\t\t\t<div class=\"e-con-inner\">\n\t\t<div class=\"elementor-element elementor-element-1709770 e-con-full e-flex e-con e-child\" data-id=\"1709770\" data-element_type=\"container\" data-e-type=\"container\">\n\t\t\t\t<div class=\"elementor-element elementor-element-eabfbfc elementor-widget elementor-widget-image\" data-id=\"eabfbfc\" data-element_type=\"widget\" data-e-type=\"widget\" data-widget_type=\"image.default\">\n\t\t\t\t<div class=\"elementor-widget-container\">\n\t\t\t\t\t\t\t\t\t\t\t\t\t\t\t<img fetchpriority=\"high\" decoding=\"async\" width=\"1024\" height=\"1024\" src=\"https:\/\/macroparke.com\/wp-content\/uploads\/2025\/10\/45-1024x1024.png\" class=\"attachment-large size-large wp-image-1364\" alt=\"\" srcset=\"https:\/\/macroparke.com\/wp-content\/uploads\/2025\/10\/45-1024x1024.png 1024w, https:\/\/macroparke.com\/wp-content\/uploads\/2025\/10\/45-300x300.png 300w, https:\/\/macroparke.com\/wp-content\/uploads\/2025\/10\/45-150x150.png 150w, https:\/\/macroparke.com\/wp-content\/uploads\/2025\/10\/45-768x768.png 768w, https:\/\/macroparke.com\/wp-content\/uploads\/2025\/10\/45-1536x1536.png 1536w, https:\/\/macroparke.com\/wp-content\/uploads\/2025\/10\/45-600x600.png 600w, https:\/\/macroparke.com\/wp-content\/uploads\/2025\/10\/45-100x100.png 100w, https:\/\/macroparke.com\/wp-content\/uploads\/2025\/10\/45.png 2000w\" sizes=\"(max-width: 1024px) 100vw, 1024px\" \/>\t\t\t\t\t\t\t\t\t\t\t\t\t\t\t<\/div>\n\t\t\t\t<\/div>\n\t\t\t\t<\/div>\n\t\t<div class=\"elementor-element elementor-element-1700831 e-con-full e-flex e-con e-child\" data-id=\"1700831\" data-element_type=\"container\" data-e-type=\"container\">\n\t\t\t\t<div class=\"elementor-element elementor-element-3e9d70f elementor-widget elementor-widget-text-editor\" data-id=\"3e9d70f\" data-element_type=\"widget\" data-e-type=\"widget\" data-widget_type=\"text-editor.default\">\n\t\t\t\t<div class=\"elementor-widget-container\">\n\t\t\t\t\t\t\t\t\t<div data-id=\"15cc558\" data-element_type=\"widget\" data-widget_type=\"heading.default\"><div><h2><strong>20 Y\u0131ll\u0131k Tecr\u00fcbe ve K\u00fcresel Uzmanl\u0131k <\/strong><\/h2><\/div><div>\u00a0<\/div><\/div><div data-id=\"9281c8d\" data-element_type=\"widget\" data-widget_type=\"text-editor.default\"><p data-start=\"148\" data-end=\"290\">20 y\u0131l\u0131 a\u015fk\u0131n sekt\u00f6rel tecr\u00fcbemizle, Macroparke olarak her projeye g\u00fcven ve profesyonellik kat\u0131yoruz.<\/p><p><strong>Y\u00fcksek kalite standartlar\u0131 ve estetik tasar\u0131m anlay\u0131\u015f\u0131m\u0131zla, ya\u015fam alanlar\u0131n\u0131z\u0131 sadece zeminle de\u011fil, konfor ve \u015f\u0131kl\u0131kla donat\u0131yoruz.<\/strong><\/p><p>Her ad\u0131mda m\u00fc\u015fteri memnuniyetini \u00f6nceli\u011fimiz yap\u0131yor, yenilik\u00e7i ve uzun \u00f6m\u00fcrl\u00fc \u00e7\u00f6z\u00fcmler sunarak projelerinizi de\u011ferli k\u0131l\u0131yoruz.<\/p><p><strong>Projelerinizi bir ad\u0131m \u00f6teye ta\u015f\u0131mak ve size \u00f6zel \u00e7\u00f6z\u00fcmlerimizi ke\u015ffetmek i\u00e7in hemen bizimle ileti\u015fime ge\u00e7in. Teklif almak \u00e7ok kolay \u2014 hayalinizdeki zemini birlikte tasarlayal\u0131m.<\/strong><\/p><\/div>\t\t\t\t\t\t\t\t<\/div>\n\t\t\t\t<\/div>\n\t\t\t\t<div class=\"elementor-element elementor-element-d117820 elementor-widget elementor-widget-button\" data-id=\"d117820\" data-element_type=\"widget\" data-e-type=\"widget\" data-widget_type=\"button.default\">\n\t\t\t\t<div class=\"elementor-widget-container\">\n\t\t\t\t\t\t\t\t\t<div class=\"elementor-button-wrapper\">\n\t\t\t\t\t<a class=\"elementor-button elementor-button-link elementor-size-sm\" href=\"https:\/\/macroparke.com\/index.php\/iletisim\/\">\n\t\t\t\t\t\t<span class=\"elementor-button-content-wrapper\">\n\t\t\t\t\t\t\t\t\t<span class=\"elementor-button-text\">Hemen Ula\u015f\u0131n<\/span>\n\t\t\t\t\t<\/span>\n\t\t\t\t\t<\/a>\n\t\t\t\t<\/div>\n\t\t\t\t\t\t\t\t<\/div>\n\t\t\t\t<\/div>\n\t\t\t\t<\/div>\n\t\t\t\t\t<\/div>\n\t\t\t\t<\/div>\n\t\t<div class=\"elementor-element elementor-element-c16a097 e-flex e-con-boxed e-con e-parent\" data-id=\"c16a097\" data-element_type=\"container\" data-e-type=\"container\">\n\t\t\t\t\t<div class=\"e-con-inner\">\n\t\t<div class=\"elementor-element elementor-element-c9128c3 e-con-full e-flex e-con e-child\" data-id=\"c9128c3\" data-element_type=\"container\" data-e-type=\"container\">\n\t\t\t\t<div class=\"elementor-element elementor-element-778be4f elementor-widget elementor-widget-text-editor\" data-id=\"778be4f\" data-element_type=\"widget\" data-e-type=\"widget\" data-widget_type=\"text-editor.default\">\n\t\t\t\t<div class=\"elementor-widget-container\">\n\t\t\t\t\t\t\t\t\t<h2><strong>G\u00fcnl\u00fck Rutininizi D\u00f6n\u00fc\u015ft\u00fcrmeye Haz\u0131r m\u0131s\u0131n\u0131z?<\/strong><\/h2><div><p data-start=\"204\" data-end=\"315\">Macroparke olarak, ya\u015fam alanlar\u0131n\u0131za ola\u011fan\u00fcst\u00fc kalite estetik ve de\u011fer katmaya adanm\u0131\u015f, bir zemin ajans\u0131y\u0131z.<\/p><p data-start=\"317\" data-end=\"540\">M\u00fckemmellik taahh\u00fcd\u00fcm\u00fcz, her projeye detayl\u0131 \u00f6zeni ve titizli\u011fi getirir. Y\u0131llar\u0131n deneyimi ve i\u00e7 mekan tasar\u0131m\u0131na olan tutkumuzla, estetik, dayan\u0131kl\u0131l\u0131k ve i\u015flevselli\u011fi kusursuz bir \u015fekilde birle\u015ftiren \u00e7\u00f6z\u00fcmler sunuyoruz.<\/p><ul data-start=\"542\" data-end=\"924\"><li data-start=\"542\" data-end=\"633\"><p data-start=\"544\" data-end=\"633\"><strong data-start=\"544\" data-end=\"567\">Premium Malzemeler:<\/strong> En y\u00fcksek kalite standartlar\u0131na sahip malzemelerle \u00e7al\u0131\u015f\u0131yoruz.<\/p><\/li><li data-start=\"634\" data-end=\"730\"><p data-start=\"636\" data-end=\"730\"><strong data-start=\"636\" data-end=\"659\">Uzman Zanaatkarl\u0131k:<\/strong> Deneyimli ekibimizle her projede hassas ve titiz i\u015f\u00e7ilik sa\u011fl\u0131yoruz.<\/p><\/li><li data-start=\"731\" data-end=\"829\"><p data-start=\"733\" data-end=\"829\"><strong data-start=\"733\" data-end=\"758\">Yenilik\u00e7i Tasar\u0131mlar:<\/strong> Modern ve \u00f6zg\u00fcn tasar\u0131m anlay\u0131\u015f\u0131yla fark yaratan \u00e7\u00f6z\u00fcmler sunuyoruz.<\/p><\/li><li data-start=\"830\" data-end=\"924\"><p data-start=\"832\" data-end=\"924\"><strong data-start=\"832\" data-end=\"862\">Ki\u015fiselle\u015ftirilmi\u015f Hizmet:<\/strong> Her m\u00fc\u015fterimizin ihtiyac\u0131na \u00f6zel \u00e7\u00f6z\u00fcmler \u00fcretiyoruz.<\/p><\/li><\/ul><\/div>\t\t\t\t\t\t\t\t<\/div>\n\t\t\t\t<\/div>\n\t\t\t\t<\/div>\n\t\t<div class=\"elementor-element elementor-element-11653a6 e-con-full e-flex e-con e-child\" data-id=\"11653a6\" data-element_type=\"container\" data-e-type=\"container\">\n\t\t\t\t<div class=\"elementor-element elementor-element-c2671e2 elementor-widget elementor-widget-image\" data-id=\"c2671e2\" data-element_type=\"widget\" data-e-type=\"widget\" data-widget_type=\"image.default\">\n\t\t\t\t<div class=\"elementor-widget-container\">\n\t\t\t\t\t\t\t\t\t\t\t\t\t\t\t<img decoding=\"async\" width=\"1024\" height=\"1024\" src=\"https:\/\/macroparke.com\/wp-content\/uploads\/2025\/10\/macrosignmission-1024x1024.png\" class=\"attachment-large size-large wp-image-1351\" alt=\"\" srcset=\"https:\/\/macroparke.com\/wp-content\/uploads\/2025\/10\/macrosignmission-1024x1024.png 1024w, https:\/\/macroparke.com\/wp-content\/uploads\/2025\/10\/macrosignmission-300x300.png 300w, https:\/\/macroparke.com\/wp-content\/uploads\/2025\/10\/macrosignmission-150x150.png 150w, https:\/\/macroparke.com\/wp-content\/uploads\/2025\/10\/macrosignmission-768x768.png 768w, https:\/\/macroparke.com\/wp-content\/uploads\/2025\/10\/macrosignmission-1536x1536.png 1536w, https:\/\/macroparke.com\/wp-content\/uploads\/2025\/10\/macrosignmission-600x600.png 600w, https:\/\/macroparke.com\/wp-content\/uploads\/2025\/10\/macrosignmission-100x100.png 100w, https:\/\/macroparke.com\/wp-content\/uploads\/2025\/10\/macrosignmission.png 2000w\" sizes=\"(max-width: 1024px) 100vw, 1024px\" \/>\t\t\t\t\t\t\t\t\t\t\t\t\t\t\t<\/div>\n\t\t\t\t<\/div>\n\t\t\t\t<\/div>\n\t\t\t\t\t<\/div>\n\t\t\t\t<\/div>\n\t\t<div class=\"elementor-element elementor-element-ca2fde4 e-flex e-con-boxed e-con e-parent\" data-id=\"ca2fde4\" data-element_type=\"container\" data-e-type=\"container\">\n\t\t\t\t\t<div class=\"e-con-inner\">\n\t\t<div class=\"elementor-element elementor-element-80d71b4 e-con-full e-flex e-con e-child\" data-id=\"80d71b4\" data-element_type=\"container\" data-e-type=\"container\">\n\t\t\t\t<div class=\"elementor-element elementor-element-10b392e elementor-widget elementor-widget-image\" data-id=\"10b392e\" data-element_type=\"widget\" data-e-type=\"widget\" data-widget_type=\"image.default\">\n\t\t\t\t<div class=\"elementor-widget-container\">\n\t\t\t\t\t\t\t\t\t\t\t\t\t\t\t<img decoding=\"async\" width=\"1024\" height=\"1024\" src=\"https:\/\/macroparke.com\/wp-content\/uploads\/2025\/10\/35-1024x1024.png\" class=\"attachment-large size-large wp-image-1335\" alt=\"\" srcset=\"https:\/\/macroparke.com\/wp-content\/uploads\/2025\/10\/35-1024x1024.png 1024w, https:\/\/macroparke.com\/wp-content\/uploads\/2025\/10\/35-300x300.png 300w, https:\/\/macroparke.com\/wp-content\/uploads\/2025\/10\/35-150x150.png 150w, https:\/\/macroparke.com\/wp-content\/uploads\/2025\/10\/35-768x768.png 768w, https:\/\/macroparke.com\/wp-content\/uploads\/2025\/10\/35-1536x1536.png 1536w, https:\/\/macroparke.com\/wp-content\/uploads\/2025\/10\/35-600x600.png 600w, https:\/\/macroparke.com\/wp-content\/uploads\/2025\/10\/35-100x100.png 100w, https:\/\/macroparke.com\/wp-content\/uploads\/2025\/10\/35.png 2000w\" sizes=\"(max-width: 1024px) 100vw, 1024px\" \/>\t\t\t\t\t\t\t\t\t\t\t\t\t\t\t<\/div>\n\t\t\t\t<\/div>\n\t\t\t\t<\/div>\n\t\t<div class=\"elementor-element elementor-element-c8ded50 e-con-full e-flex e-con e-child\" data-id=\"c8ded50\" data-element_type=\"container\" data-e-type=\"container\">\n\t\t\t\t<div class=\"elementor-element elementor-element-e787704 elementor-widget__width-initial elementor-widget elementor-widget-text-editor\" data-id=\"e787704\" data-element_type=\"widget\" data-e-type=\"widget\" data-widget_type=\"text-editor.default\">\n\t\t\t\t<div class=\"elementor-widget-container\">\n\t\t\t\t\t\t\t\t\t<p>\u00a0<\/p><h2><strong>De\u011ferlerimiz ve Yol Haritam\u0131z<\/strong><\/h2><div class=\"mission-section mb-3\"><div class=\"d-flex align-items-start mb-3\"><p class=\"mb-0 text-dark\" style=\"line-height: 1.6; font-size: 1rem;\">Macroparke olarak, her zaman yenilik ve s\u00fcrd\u00fcr\u00fclebilirli\u011fi \u00f6nceli\u011fimiz olarak g\u00f6r\u00fcyoruz. Vizyonumuz, sekt\u00f6rde \u00f6nc\u00fc ve g\u00fcvenilir bir marka olmak, misyonumuz ise ya\u015fam alanlar\u0131n\u0131za sadece estetik de\u011fil, uzun \u00f6m\u00fcrl\u00fc ve fonksiyonel \u00e7\u00f6z\u00fcmler sunmakt\u0131r.<\/p><p class=\"mb-0 text-dark\" style=\"line-height: 1.6; font-size: 1rem;\">Uzman ekibimiz, kaliteli malzeme se\u00e7imi ve titiz i\u015f\u00e7ili\u011fi birle\u015ftirerek her projede fark yarat\u0131r. De\u011ferlerimizle \u015fekillenen yakla\u015f\u0131m\u0131m\u0131z, m\u00fc\u015fteri memnuniyetini her zaman merkeze koyarak g\u00fcven ve m\u00fckemmelli\u011fi garanti eder.<\/p><\/div><\/div>\t\t\t\t\t\t\t\t<\/div>\n\t\t\t\t<\/div>\n\t\t\t\t<\/div>\n\t\t\t\t\t<\/div>\n\t\t\t\t<\/div>\n\t\t\t\t<\/div>\n\t\t","protected":false},"excerpt":{"rendered":"<p>Misyonumuz ve Vizyonumuz Hakk\u0131nda detayl\u0131 bilgi alabilirsiniz, merak ettiklerinizi sormak i\u00e7in t\u0131klay\u0131n\u0131z. Daha Fazla Bilgi 20 Y\u0131ll\u0131k Tecr\u00fcbe ve K\u00fcresel Uzmanl\u0131k \u00a0 20 y\u0131l\u0131 a\u015fk\u0131n sekt\u00f6rel tecr\u00fcbemizle, Macroparke olarak her projeye g\u00fcven ve profesyonellik kat\u0131yoruz. Y\u00fcksek kalite standartlar\u0131 ve estetik tasar\u0131m anlay\u0131\u015f\u0131m\u0131zla, ya\u015fam alanlar\u0131n\u0131z\u0131 sadece zeminle de\u011fil, konfor ve \u015f\u0131kl\u0131kla donat\u0131yoruz. Her ad\u0131mda m\u00fc\u015fteri memnuniyetini&#8230;<\/p>\n","protected":false},"author":1,"featured_media":0,"parent":0,"menu_order":0,"comment_status":"closed","ping_status":"closed","template":"","meta":{"_kadence_starter_templates_imported_post":false,"_kad_post_transparent":"","_kad_post_title":"hide","_kad_post_layout":"fullwidth","_kad_post_sidebar_id":"","_kad_post_content_style":"unboxed","_kad_post_vertical_padding":"hide","_kad_post_feature":"hide","_kad_post_feature_position":"","_kad_post_header":false,"_kad_post_footer":false,"footnotes":""},"class_list":["post-95","page","type-page","status-publish","hentry"],"yoast_head":"<!-- This site is optimized with the Yoast SEO plugin v26.2 - https:\/\/yoast.com\/wordpress\/plugins\/seo\/ -->\n<title>Hakk\u0131m\u0131zda - Macro Shower<\/title>\n<meta name=\"robots\" content=\"index, follow, max-snippet:-1, max-image-preview:large, max-video-preview:-1\" \/>\n<link rel=\"canonical\" href=\"https:\/\/macroparke.com\/index.php\/hakkimizda\/\" \/>\n<meta property=\"og:locale\" content=\"en_US\" \/>\n<meta property=\"og:type\" content=\"article\" \/>\n<meta property=\"og:title\" content=\"Hakk\u0131m\u0131zda - Macro Shower\" \/>\n<meta property=\"og:description\" content=\"Misyonumuz ve Vizyonumuz Hakk\u0131nda detayl\u0131 bilgi alabilirsiniz, merak ettiklerinizi sormak i\u00e7in t\u0131klay\u0131n\u0131z. Daha Fazla Bilgi 20 Y\u0131ll\u0131k Tecr\u00fcbe ve K\u00fcresel Uzmanl\u0131k \u00a0 20 y\u0131l\u0131 a\u015fk\u0131n sekt\u00f6rel tecr\u00fcbemizle, Macroparke olarak her projeye g\u00fcven ve profesyonellik kat\u0131yoruz. Y\u00fcksek kalite standartlar\u0131 ve estetik tasar\u0131m anlay\u0131\u015f\u0131m\u0131zla, ya\u015fam alanlar\u0131n\u0131z\u0131 sadece zeminle de\u011fil, konfor ve \u015f\u0131kl\u0131kla donat\u0131yoruz. Her ad\u0131mda m\u00fc\u015fteri memnuniyetini...\" \/>\n<meta property=\"og:url\" content=\"https:\/\/macroparke.com\/index.php\/hakkimizda\/\" \/>\n<meta property=\"og:site_name\" content=\"Macro Shower\" \/>\n<meta property=\"article:modified_time\" content=\"2025-12-19T10:56:13+00:00\" \/>\n<meta property=\"og:image\" content=\"https:\/\/macroparke.com\/wp-content\/uploads\/2025\/10\/45-1024x1024.png\" \/>\n\t<meta property=\"og:image:width\" content=\"1024\" \/>\n\t<meta property=\"og:image:height\" content=\"1024\" \/>\n\t<meta property=\"og:image:type\" content=\"image\/png\" \/>\n<meta name=\"twitter:card\" content=\"summary_large_image\" \/>\n<script type=\"application\/ld+json\" class=\"yoast-schema-graph\">{\"@context\":\"https:\/\/schema.org\",\"@graph\":[{\"@type\":\"WebPage\",\"@id\":\"https:\/\/macroparke.com\/index.php\/hakkimizda\/\",\"url\":\"https:\/\/macroparke.com\/index.php\/hakkimizda\/\",\"name\":\"Hakk\u0131m\u0131zda - Macro Shower\",\"isPartOf\":{\"@id\":\"https:\/\/macroparke.com\/#website\"},\"primaryImageOfPage\":{\"@id\":\"https:\/\/macroparke.com\/index.php\/hakkimizda\/#primaryimage\"},\"image\":{\"@id\":\"https:\/\/macroparke.com\/index.php\/hakkimizda\/#primaryimage\"},\"thumbnailUrl\":\"https:\/\/macroparke.com\/wp-content\/uploads\/2025\/10\/45-1024x1024.png\",\"datePublished\":\"2023-11-08T09:36:30+00:00\",\"dateModified\":\"2025-12-19T10:56:13+00:00\",\"breadcrumb\":{\"@id\":\"https:\/\/macroparke.com\/index.php\/hakkimizda\/#breadcrumb\"},\"inLanguage\":\"en-US\",\"potentialAction\":[{\"@type\":\"ReadAction\",\"target\":[\"https:\/\/macroparke.com\/index.php\/hakkimizda\/\"]}]},{\"@type\":\"ImageObject\",\"inLanguage\":\"en-US\",\"@id\":\"https:\/\/macroparke.com\/index.php\/hakkimizda\/#primaryimage\",\"url\":\"https:\/\/macroparke.com\/wp-content\/uploads\/2025\/10\/45.png\",\"contentUrl\":\"https:\/\/macroparke.com\/wp-content\/uploads\/2025\/10\/45.png\",\"width\":2000,\"height\":2000},{\"@type\":\"BreadcrumbList\",\"@id\":\"https:\/\/macroparke.com\/index.php\/hakkimizda\/#breadcrumb\",\"itemListElement\":[{\"@type\":\"ListItem\",\"position\":1,\"name\":\"Home\",\"item\":\"https:\/\/macroparke.com\/\"},{\"@type\":\"ListItem\",\"position\":2,\"name\":\"Hakk\u0131m\u0131zda\"}]},{\"@type\":\"WebSite\",\"@id\":\"https:\/\/macroparke.com\/#website\",\"url\":\"https:\/\/macroparke.com\/\",\"name\":\"Macro Shower\",\"description\":\"\",\"publisher\":{\"@id\":\"https:\/\/macroparke.com\/#organization\"},\"potentialAction\":[{\"@type\":\"SearchAction\",\"target\":{\"@type\":\"EntryPoint\",\"urlTemplate\":\"https:\/\/macroparke.com\/?s={search_term_string}\"},\"query-input\":{\"@type\":\"PropertyValueSpecification\",\"valueRequired\":true,\"valueName\":\"search_term_string\"}}],\"inLanguage\":\"en-US\"},{\"@type\":\"Organization\",\"@id\":\"https:\/\/macroparke.com\/#organization\",\"name\":\"Macro Shower\",\"url\":\"https:\/\/macroparke.com\/\",\"logo\":{\"@type\":\"ImageObject\",\"inLanguage\":\"en-US\",\"@id\":\"https:\/\/macroparke.com\/#\/schema\/logo\/image\/\",\"url\":\"https:\/\/macroparke.com\/wp-content\/uploads\/2025\/09\/cropped-Macro-Sign-1.png\",\"contentUrl\":\"https:\/\/macroparke.com\/wp-content\/uploads\/2025\/09\/cropped-Macro-Sign-1.png\",\"width\":498,\"height\":199,\"caption\":\"Macro Shower\"},\"image\":{\"@id\":\"https:\/\/macroparke.com\/#\/schema\/logo\/image\/\"}}]}<\/script>\n<!-- \/ Yoast SEO plugin. -->","yoast_head_json":{"title":"Hakk\u0131m\u0131zda - Macro Shower","robots":{"index":"index","follow":"follow","max-snippet":"max-snippet:-1","max-image-preview":"max-image-preview:large","max-video-preview":"max-video-preview:-1"},"canonical":"https:\/\/macroparke.com\/index.php\/hakkimizda\/","og_locale":"en_US","og_type":"article","og_title":"Hakk\u0131m\u0131zda - Macro Shower","og_description":"Misyonumuz ve Vizyonumuz Hakk\u0131nda detayl\u0131 bilgi alabilirsiniz, merak ettiklerinizi sormak i\u00e7in t\u0131klay\u0131n\u0131z. Daha Fazla Bilgi 20 Y\u0131ll\u0131k Tecr\u00fcbe ve K\u00fcresel Uzmanl\u0131k \u00a0 20 y\u0131l\u0131 a\u015fk\u0131n sekt\u00f6rel tecr\u00fcbemizle, Macroparke olarak her projeye g\u00fcven ve profesyonellik kat\u0131yoruz. Y\u00fcksek kalite standartlar\u0131 ve estetik tasar\u0131m anlay\u0131\u015f\u0131m\u0131zla, ya\u015fam alanlar\u0131n\u0131z\u0131 sadece zeminle de\u011fil, konfor ve \u015f\u0131kl\u0131kla donat\u0131yoruz. Her ad\u0131mda m\u00fc\u015fteri memnuniyetini...","og_url":"https:\/\/macroparke.com\/index.php\/hakkimizda\/","og_site_name":"Macro Shower","article_modified_time":"2025-12-19T10:56:13+00:00","og_image":[{"width":1024,"height":1024,"url":"https:\/\/macroparke.com\/wp-content\/uploads\/2025\/10\/45-1024x1024.png","type":"image\/png"}],"twitter_card":"summary_large_image","schema":{"@context":"https:\/\/schema.org","@graph":[{"@type":"WebPage","@id":"https:\/\/macroparke.com\/index.php\/hakkimizda\/","url":"https:\/\/macroparke.com\/index.php\/hakkimizda\/","name":"Hakk\u0131m\u0131zda - Macro Shower","isPartOf":{"@id":"https:\/\/macroparke.com\/#website"},"primaryImageOfPage":{"@id":"https:\/\/macroparke.com\/index.php\/hakkimizda\/#primaryimage"},"image":{"@id":"https:\/\/macroparke.com\/index.php\/hakkimizda\/#primaryimage"},"thumbnailUrl":"https:\/\/macroparke.com\/wp-content\/uploads\/2025\/10\/45-1024x1024.png","datePublished":"2023-11-08T09:36:30+00:00","dateModified":"2025-12-19T10:56:13+00:00","breadcrumb":{"@id":"https:\/\/macroparke.com\/index.php\/hakkimizda\/#breadcrumb"},"inLanguage":"en-US","potentialAction":[{"@type":"ReadAction","target":["https:\/\/macroparke.com\/index.php\/hakkimizda\/"]}]},{"@type":"ImageObject","inLanguage":"en-US","@id":"https:\/\/macroparke.com\/index.php\/hakkimizda\/#primaryimage","url":"https:\/\/macroparke.com\/wp-content\/uploads\/2025\/10\/45.png","contentUrl":"https:\/\/macroparke.com\/wp-content\/uploads\/2025\/10\/45.png","width":2000,"height":2000},{"@type":"BreadcrumbList","@id":"https:\/\/macroparke.com\/index.php\/hakkimizda\/#breadcrumb","itemListElement":[{"@type":"ListItem","position":1,"name":"Home","item":"https:\/\/macroparke.com\/"},{"@type":"ListItem","position":2,"name":"Hakk\u0131m\u0131zda"}]},{"@type":"WebSite","@id":"https:\/\/macroparke.com\/#website","url":"https:\/\/macroparke.com\/","name":"Macro Shower","description":"","publisher":{"@id":"https:\/\/macroparke.com\/#organization"},"potentialAction":[{"@type":"SearchAction","target":{"@type":"EntryPoint","urlTemplate":"https:\/\/macroparke.com\/?s={search_term_string}"},"query-input":{"@type":"PropertyValueSpecification","valueRequired":true,"valueName":"search_term_string"}}],"inLanguage":"en-US"},{"@type":"Organization","@id":"https:\/\/macroparke.com\/#organization","name":"Macro Shower","url":"https:\/\/macroparke.com\/","logo":{"@type":"ImageObject","inLanguage":"en-US","@id":"https:\/\/macroparke.com\/#\/schema\/logo\/image\/","url":"https:\/\/macroparke.com\/wp-content\/uploads\/2025\/09\/cropped-Macro-Sign-1.png","contentUrl":"https:\/\/macroparke.com\/wp-content\/uploads\/2025\/09\/cropped-Macro-Sign-1.png","width":498,"height":199,"caption":"Macro Shower"},"image":{"@id":"https:\/\/macroparke.com\/#\/schema\/logo\/image\/"}}]}},"_hostinger_reach_plugin_has_subscription_block":false,"_hostinger_reach_plugin_is_elementor":false,"_links":{"self":[{"href":"https:\/\/macroparke.com\/index.php\/wp-json\/wp\/v2\/pages\/95","targetHints":{"allow":["GET"]}}],"collection":[{"href":"https:\/\/macroparke.com\/index.php\/wp-json\/wp\/v2\/pages"}],"about":[{"href":"https:\/\/macroparke.com\/index.php\/wp-json\/wp\/v2\/types\/page"}],"author":[{"embeddable":true,"href":"https:\/\/macroparke.com\/index.php\/wp-json\/wp\/v2\/users\/1"}],"replies":[{"embeddable":true,"href":"https:\/\/macroparke.com\/index.php\/wp-json\/wp\/v2\/comments?post=95"}],"version-history":[{"count":118,"href":"https:\/\/macroparke.com\/index.php\/wp-json\/wp\/v2\/pages\/95\/revisions"}],"predecessor-version":[{"id":1940,"href":"https:\/\/macroparke.com\/index.php\/wp-json\/wp\/v2\/pages\/95\/revisions\/1940"}],"wp:attachment":[{"href":"https:\/\/macroparke.com\/index.php\/wp-json\/wp\/v2\/media?parent=95"}],"curies":[{"name":"wp","href":"https:\/\/api.w.org\/{rel}","templated":true}]}}