{"id":1018,"date":"2025-09-17T13:48:04","date_gmt":"2025-09-17T10:48:04","guid":{"rendered":"https:\/\/macroparke.com\/?page_id=1018"},"modified":"2025-12-19T14:15:23","modified_gmt":"2025-12-19T11:15:23","slug":"iletisim","status":"publish","type":"page","link":"https:\/\/macroparke.com\/index.php\/iletisim\/","title":{"rendered":"iletisim"},"content":{"rendered":"\t\t<div data-elementor-type=\"wp-page\" data-elementor-id=\"1018\" class=\"elementor elementor-1018\">\n\t\t\t\t<div class=\"elementor-element elementor-element-158cd71 e-con-full e-flex e-con e-parent\" data-id=\"158cd71\" data-element_type=\"container\" data-e-type=\"container\">\n\t\t\t\t<div class=\"elementor-element elementor-element-e43e98c elementor-widget__width-initial elementor-widget elementor-widget-sina_banner_slider\" data-id=\"e43e98c\" data-element_type=\"widget\" data-e-type=\"widget\" data-widget_type=\"sina_banner_slider.default\">\n\t\t\t\t<div class=\"elementor-widget-container\">\n\t\t\t\t\t\t\t<div class=\"sina-banner-slider owl-carousel\"\r\n\t\tdata-autoplay=\"yes\"\r\n\t\tdata-pause=\"yes\"\r\n\t\tdata-nav=\"yes\"\r\n\t\tdata-dots=\"yes\"\r\n\t\tdata-mouse-drag=\"yes\"\r\n\t\tdata-touch-drag=\"yes\"\r\n\t\tdata-loop=\"yes\"\r\n\t\tdata-speed=\"\"\r\n\t\tdata-part-anim=\"yes\"\r\n\t\tdata-delay=\"5000\">\r\n\r\n\t\t\t\t\t\t\t<div class=\"sina-slider-content sina-bg-cover\" style=\"background-image: url(https:\/\/macroparke.com\/wp-content\/uploads\/2025\/10\/homepage.jpg);\">\r\n\t\t\t\t\t\t\t\t\t\t\t<div class=\"sina-overlay\"><\/div>\r\n\t\t\t\t\t\r\n\t\t\t\t\t<div class=\"sina-banner-container elementor-repeater-item-fecd5b1\">\r\n\r\n\t\t\t\t\t\t\t\t\t\t\t\t\t\t\t\t\t\t\t\t<h1 class=\"sina-banner-title sina-anim-invisible\" data-animation=\"animated fadeInLeft\">Dinlemek, Destek Olmak ve \u00dcretmek \u0130\u00e7in Buraday\u0131z<\/h1>\t\t\t\t\t\t\r\n\t\t\t\t\t\t\r\n\t\t\t\t\t\t\t\t\t\t\t\t\t<div class=\"sina-banner-desc sina-anim-invisible\" data-animation=\"animated fadeInUp\">Uzman ekibimiz, her a\u015famada sizinle birlikte \u00e7al\u0131\u015farak projelerinizi en iyi \u015fekilde hayata ge\u00e7irmeyi garanti eder.<\/div>\t\t\t\t\t\t\r\n\t\t\t\t\t\t\t\t\t\t\t\t\t<div class=\"sina-banner-btns sina-anim-invisible\" data-animation=\"animated fadeInUp\">\r\n\t\t\t\t\t\t\t\t\t\t\t\t\t\t\t\t\t<a class=\"sina-banner-pbtn   \" href=\"https:\/\/api.whatsapp.com\/send\/?phone=905322876401\" target=\"_blank\" rel=\"noopener\">\r\n\t\t\t\t\t\t\t\t\t\t\t\tWhatsApp\t\t\t\t\t\t\t\t\t\t\t<\/a>\r\n\t\t\t\t\t\t\t\t\r\n\t\t\t\t\t\t\t\t\t\t\t\t\t\t\t<\/div>\r\n\t\t\t\t\t\t\t\t\t\t\t<\/div>\r\n\t\t\t\t<\/div>\r\n\t\t\t\t\t<\/div><!-- .sina-banner-slider -->\r\n\t\t\t\t\t\t<\/div>\n\t\t\t\t<\/div>\n\t\t\t\t<\/div>\n\t\t<div class=\"elementor-element elementor-element-1f9b910 e-flex e-con-boxed e-con e-parent\" data-id=\"1f9b910\" data-element_type=\"container\" data-e-type=\"container\">\n\t\t\t\t\t<div class=\"e-con-inner\">\n\t\t<div class=\"elementor-element elementor-element-5197500 e-con-full e-flex e-con e-child\" data-id=\"5197500\" data-element_type=\"container\" data-e-type=\"container\">\n\t\t\t\t<div class=\"elementor-element elementor-element-25a2f00 elementor-invisible elementor-widget elementor-widget-heading\" data-id=\"25a2f00\" data-element_type=\"widget\" data-e-type=\"widget\" data-settings=\"{&quot;_animation&quot;:&quot;zoomInUp&quot;}\" data-widget_type=\"heading.default\">\n\t\t\t\t<div class=\"elementor-widget-container\">\n\t\t\t\t\t<h2 class=\"elementor-heading-title elementor-size-default\">Bizimle \u0130leti\u015fime Ge\u00e7in<\/h2>\t\t\t\t<\/div>\n\t\t\t\t<\/div>\n\t\t\t\t<div class=\"elementor-element elementor-element-52f8dab elementor-widget elementor-widget-text-editor\" data-id=\"52f8dab\" data-element_type=\"widget\" data-e-type=\"widget\" data-widget_type=\"text-editor.default\">\n\t\t\t\t<div class=\"elementor-widget-container\">\n\t\t\t\t\t\t\t\t\t<div data-id=\"e690471\" data-element_type=\"container\"><p>\u00a0<\/p><div data-id=\"948e545\" data-element_type=\"widget\" data-widget_type=\"heading.default\"><p>A\u015fa\u011f\u0131daki formu doldurun, sizinle en k\u0131sa s\u00fcrede ileti\u015fime ge\u00e7ece\u011fiz. Ekibimiz en k\u0131sa s\u00fcrede size geri d\u00f6necektir<\/p><p><strong><span dir=\"auto\" style=\"vertical-align: inherit;\"><span dir=\"auto\" style=\"vertical-align: inherit;\">Telefon:\u00a0<\/span><\/span><\/strong><span dir=\"auto\" style=\"vertical-align: inherit;\"><span dir=\"auto\" style=\"vertical-align: inherit;\"> +90 532 287 64 01<\/span><\/span><\/p><p><strong><span dir=\"auto\" style=\"vertical-align: inherit;\"><span dir=\"auto\" style=\"vertical-align: inherit;\">E-posta:\u00a0<\/span><\/span><\/strong><span dir=\"auto\" style=\"vertical-align: inherit;\"><span dir=\"auto\" style=\"vertical-align: inherit;\">\u00a0<\/span><\/span><span dir=\"auto\">sales@themacrosign.com<\/span><br \/><span dir=\"auto\">sales@macrosign.net<\/span><\/p><p><b><span dir=\"auto\" style=\"vertical-align: inherit;\"><span dir=\"auto\" style=\"vertical-align: inherit;\">Adres:\u00a0<\/span><\/span><\/b><span dir=\"auto\" style=\"vertical-align: inherit;\"><span dir=\"auto\" style=\"vertical-align: inherit;\"> Atakent Mah. 02015 Nolu Cad. A Blok No:17\/B \u015eehitkamil \/ GAZ\u0130ANTEP \/ T\u00dcRK\u0130YE <br \/><\/span><\/span><\/p><\/div><\/div>\t\t\t\t\t\t\t\t<\/div>\n\t\t\t\t<\/div>\n\t\t\t\t<\/div>\n\t\t<div class=\"elementor-element elementor-element-b143cff e-con-full e-flex e-con e-child\" data-id=\"b143cff\" data-element_type=\"container\" data-e-type=\"container\">\n\t\t\t\t<div class=\"elementor-element elementor-element-7ca691a elementor-widget elementor-widget-image\" data-id=\"7ca691a\" data-element_type=\"widget\" data-e-type=\"widget\" data-widget_type=\"image.default\">\n\t\t\t\t<div class=\"elementor-widget-container\">\n\t\t\t\t\t\t\t\t\t\t\t\t\t\t\t<img fetchpriority=\"high\" decoding=\"async\" width=\"1024\" height=\"1024\" src=\"https:\/\/macroparke.com\/wp-content\/uploads\/2025\/10\/655-1024x1024.png\" class=\"attachment-large size-large wp-image-1342\" alt=\"\" srcset=\"https:\/\/macroparke.com\/wp-content\/uploads\/2025\/10\/655-1024x1024.png 1024w, https:\/\/macroparke.com\/wp-content\/uploads\/2025\/10\/655-300x300.png 300w, https:\/\/macroparke.com\/wp-content\/uploads\/2025\/10\/655-150x150.png 150w, https:\/\/macroparke.com\/wp-content\/uploads\/2025\/10\/655-768x768.png 768w, https:\/\/macroparke.com\/wp-content\/uploads\/2025\/10\/655-1536x1536.png 1536w, https:\/\/macroparke.com\/wp-content\/uploads\/2025\/10\/655-600x600.png 600w, https:\/\/macroparke.com\/wp-content\/uploads\/2025\/10\/655-100x100.png 100w, https:\/\/macroparke.com\/wp-content\/uploads\/2025\/10\/655.png 2000w\" sizes=\"(max-width: 1024px) 100vw, 1024px\" \/>\t\t\t\t\t\t\t\t\t\t\t\t\t\t\t<\/div>\n\t\t\t\t<\/div>\n\t\t\t\t<\/div>\n\t\t\t\t\t<\/div>\n\t\t\t\t<\/div>\n\t\t<div class=\"elementor-element elementor-element-55422d1 e-flex e-con-boxed e-con e-parent\" data-id=\"55422d1\" data-element_type=\"container\" data-e-type=\"container\">\n\t\t\t\t\t<div class=\"e-con-inner\">\n\t\t\t\t<div class=\"elementor-element elementor-element-15b477f elementor-widget elementor-widget-shortcode\" data-id=\"15b477f\" data-element_type=\"widget\" data-e-type=\"widget\" data-widget_type=\"shortcode.default\">\n\t\t\t\t<div class=\"elementor-widget-container\">\n\t\t\t\t\t\t\t<div class=\"elementor-shortcode\">\n<div class=\"wpcf7 no-js\" id=\"wpcf7-f8-o1\" lang=\"tr-TR\" dir=\"ltr\" data-wpcf7-id=\"8\">\n<div class=\"screen-reader-response\"><p role=\"status\" aria-live=\"polite\" aria-atomic=\"true\"><\/p> <ul><\/ul><\/div>\n<form action=\"\/index.php\/wp-json\/wp\/v2\/pages\/1018#wpcf7-f8-o1\" method=\"post\" class=\"wpcf7-form init\" aria-label=\"\u0130leti\u015fim Formu\" novalidate=\"novalidate\" data-status=\"init\">\n<fieldset class=\"hidden-fields-container\"><input type=\"hidden\" name=\"_wpcf7\" value=\"8\" \/><input type=\"hidden\" name=\"_wpcf7_version\" value=\"6.1.5\" \/><input type=\"hidden\" name=\"_wpcf7_locale\" value=\"tr_TR\" \/><input type=\"hidden\" name=\"_wpcf7_unit_tag\" value=\"wpcf7-f8-o1\" \/><input type=\"hidden\" name=\"_wpcf7_container_post\" value=\"0\" \/><input type=\"hidden\" name=\"_wpcf7_posted_data_hash\" value=\"\" \/>\n<\/fieldset>\n<p><label> Ad\u0131n\u0131z<br \/>\n<span class=\"wpcf7-form-control-wrap\" data-name=\"your-name\"><input size=\"40\" maxlength=\"400\" class=\"wpcf7-form-control wpcf7-text wpcf7-validates-as-required\" autocomplete=\"name\" aria-required=\"true\" aria-invalid=\"false\" value=\"\" type=\"text\" name=\"your-name\" \/><\/span> <\/label>\n<\/p>\n<p><label> E-posta adresiniz?<br \/>\n<span class=\"wpcf7-form-control-wrap\" data-name=\"your-email\"><input size=\"40\" maxlength=\"400\" class=\"wpcf7-form-control wpcf7-email wpcf7-validates-as-required wpcf7-text wpcf7-validates-as-email\" autocomplete=\"email\" aria-required=\"true\" aria-invalid=\"false\" value=\"\" type=\"email\" name=\"your-email\" \/><\/span> <\/label>\n<\/p>\n<p><label> Konu<br \/>\n<span class=\"wpcf7-form-control-wrap\" data-name=\"your-subject\"><input size=\"40\" maxlength=\"400\" class=\"wpcf7-form-control wpcf7-text wpcf7-validates-as-required\" aria-required=\"true\" aria-invalid=\"false\" value=\"\" type=\"text\" name=\"your-subject\" \/><\/span> <\/label>\n<\/p>\n<p><label> \u0130letiniz (tercihe ba\u011fl\u0131)<br \/>\n<span class=\"wpcf7-form-control-wrap\" data-name=\"your-message\"><textarea cols=\"40\" rows=\"10\" maxlength=\"2000\" class=\"wpcf7-form-control wpcf7-textarea\" aria-invalid=\"false\" name=\"your-message\"><\/textarea><\/span> <\/label>\n<\/p>\n<p><input class=\"wpcf7-form-control wpcf7-submit has-spinner\" type=\"submit\" value=\"G\u00f6nder\" \/>\n<\/p><div class=\"wpcf7-response-output\" aria-hidden=\"true\"><\/div>\n<\/form>\n<\/div>\n<\/div>\n\t\t\t\t\t\t<\/div>\n\t\t\t\t<\/div>\n\t\t\t\t\t<\/div>\n\t\t\t\t<\/div>\n\t\t\t\t<\/div>\n\t\t","protected":false},"excerpt":{"rendered":"<p>Dinlemek, Destek Olmak ve \u00dcretmek \u0130\u00e7in Buraday\u0131z Uzman ekibimiz, her a\u015famada sizinle birlikte \u00e7al\u0131\u015farak projelerinizi en iyi \u015fekilde hayata ge\u00e7irmeyi garanti eder. WhatsApp Bizimle \u0130leti\u015fime Ge\u00e7in \u00a0 A\u015fa\u011f\u0131daki formu doldurun, sizinle en k\u0131sa s\u00fcrede ileti\u015fime ge\u00e7ece\u011fiz. Ekibimiz en k\u0131sa s\u00fcrede size geri d\u00f6necektir Telefon:\u00a0 +90 532 287 64 01 E-posta:\u00a0\u00a0sales@themacrosign.comsales@macrosign.net Adres:\u00a0 Atakent Mah. 02015 Nolu&#8230;<\/p>\n","protected":false},"author":1,"featured_media":0,"parent":0,"menu_order":0,"comment_status":"closed","ping_status":"closed","template":"","meta":{"_kadence_starter_templates_imported_post":false,"_kad_post_transparent":"","_kad_post_title":"hide","_kad_post_layout":"fullwidth","_kad_post_sidebar_id":"","_kad_post_content_style":"unboxed","_kad_post_vertical_padding":"hide","_kad_post_feature":"hide","_kad_post_feature_position":"","_kad_post_header":false,"_kad_post_footer":false,"footnotes":""},"class_list":["post-1018","page","type-page","status-publish","hentry"],"yoast_head":"<!-- This site is optimized with the Yoast SEO plugin v26.2 - https:\/\/yoast.com\/wordpress\/plugins\/seo\/ -->\n<title>iletisim - Macro Shower<\/title>\n<meta name=\"robots\" content=\"index, follow, max-snippet:-1, max-image-preview:large, max-video-preview:-1\" \/>\n<link rel=\"canonical\" href=\"https:\/\/macroparke.com\/index.php\/iletisim\/\" \/>\n<meta property=\"og:locale\" content=\"en_US\" \/>\n<meta property=\"og:type\" content=\"article\" \/>\n<meta property=\"og:title\" content=\"iletisim - Macro Shower\" \/>\n<meta property=\"og:description\" content=\"Dinlemek, Destek Olmak ve \u00dcretmek \u0130\u00e7in Buraday\u0131z Uzman ekibimiz, her a\u015famada sizinle birlikte \u00e7al\u0131\u015farak projelerinizi en iyi \u015fekilde hayata ge\u00e7irmeyi garanti eder. WhatsApp Bizimle \u0130leti\u015fime Ge\u00e7in \u00a0 A\u015fa\u011f\u0131daki formu doldurun, sizinle en k\u0131sa s\u00fcrede ileti\u015fime ge\u00e7ece\u011fiz. Ekibimiz en k\u0131sa s\u00fcrede size geri d\u00f6necektir Telefon:\u00a0 +90 532 287 64 01 E-posta:\u00a0\u00a0sales@themacrosign.comsales@macrosign.net Adres:\u00a0 Atakent Mah. 02015 Nolu...\" \/>\n<meta property=\"og:url\" content=\"https:\/\/macroparke.com\/index.php\/iletisim\/\" \/>\n<meta property=\"og:site_name\" content=\"Macro Shower\" \/>\n<meta property=\"article:modified_time\" content=\"2025-12-19T11:15:23+00:00\" \/>\n<meta property=\"og:image\" content=\"https:\/\/macroparke.com\/wp-content\/uploads\/2025\/10\/655-1024x1024.png\" \/>\n\t<meta property=\"og:image:width\" content=\"1024\" \/>\n\t<meta property=\"og:image:height\" content=\"1024\" \/>\n\t<meta property=\"og:image:type\" content=\"image\/png\" \/>\n<meta name=\"twitter:card\" content=\"summary_large_image\" \/>\n<meta name=\"twitter:label1\" content=\"Est. reading time\" \/>\n\t<meta name=\"twitter:data1\" content=\"1 minute\" \/>\n<script type=\"application\/ld+json\" class=\"yoast-schema-graph\">{\"@context\":\"https:\/\/schema.org\",\"@graph\":[{\"@type\":\"WebPage\",\"@id\":\"https:\/\/macroparke.com\/index.php\/iletisim\/\",\"url\":\"https:\/\/macroparke.com\/index.php\/iletisim\/\",\"name\":\"iletisim - Macro Shower\",\"isPartOf\":{\"@id\":\"https:\/\/macroparke.com\/#website\"},\"primaryImageOfPage\":{\"@id\":\"https:\/\/macroparke.com\/index.php\/iletisim\/#primaryimage\"},\"image\":{\"@id\":\"https:\/\/macroparke.com\/index.php\/iletisim\/#primaryimage\"},\"thumbnailUrl\":\"https:\/\/macroparke.com\/wp-content\/uploads\/2025\/10\/655-1024x1024.png\",\"datePublished\":\"2025-09-17T10:48:04+00:00\",\"dateModified\":\"2025-12-19T11:15:23+00:00\",\"breadcrumb\":{\"@id\":\"https:\/\/macroparke.com\/index.php\/iletisim\/#breadcrumb\"},\"inLanguage\":\"en-US\",\"potentialAction\":[{\"@type\":\"ReadAction\",\"target\":[\"https:\/\/macroparke.com\/index.php\/iletisim\/\"]}]},{\"@type\":\"ImageObject\",\"inLanguage\":\"en-US\",\"@id\":\"https:\/\/macroparke.com\/index.php\/iletisim\/#primaryimage\",\"url\":\"https:\/\/macroparke.com\/wp-content\/uploads\/2025\/10\/655.png\",\"contentUrl\":\"https:\/\/macroparke.com\/wp-content\/uploads\/2025\/10\/655.png\",\"width\":2000,\"height\":2000},{\"@type\":\"BreadcrumbList\",\"@id\":\"https:\/\/macroparke.com\/index.php\/iletisim\/#breadcrumb\",\"itemListElement\":[{\"@type\":\"ListItem\",\"position\":1,\"name\":\"Home\",\"item\":\"https:\/\/macroparke.com\/\"},{\"@type\":\"ListItem\",\"position\":2,\"name\":\"iletisim\"}]},{\"@type\":\"WebSite\",\"@id\":\"https:\/\/macroparke.com\/#website\",\"url\":\"https:\/\/macroparke.com\/\",\"name\":\"Macro Shower\",\"description\":\"\",\"publisher\":{\"@id\":\"https:\/\/macroparke.com\/#organization\"},\"potentialAction\":[{\"@type\":\"SearchAction\",\"target\":{\"@type\":\"EntryPoint\",\"urlTemplate\":\"https:\/\/macroparke.com\/?s={search_term_string}\"},\"query-input\":{\"@type\":\"PropertyValueSpecification\",\"valueRequired\":true,\"valueName\":\"search_term_string\"}}],\"inLanguage\":\"en-US\"},{\"@type\":\"Organization\",\"@id\":\"https:\/\/macroparke.com\/#organization\",\"name\":\"Macro Shower\",\"url\":\"https:\/\/macroparke.com\/\",\"logo\":{\"@type\":\"ImageObject\",\"inLanguage\":\"en-US\",\"@id\":\"https:\/\/macroparke.com\/#\/schema\/logo\/image\/\",\"url\":\"https:\/\/macroparke.com\/wp-content\/uploads\/2025\/09\/cropped-Macro-Sign-1.png\",\"contentUrl\":\"https:\/\/macroparke.com\/wp-content\/uploads\/2025\/09\/cropped-Macro-Sign-1.png\",\"width\":498,\"height\":199,\"caption\":\"Macro Shower\"},\"image\":{\"@id\":\"https:\/\/macroparke.com\/#\/schema\/logo\/image\/\"}}]}<\/script>\n<!-- \/ Yoast SEO plugin. -->","yoast_head_json":{"title":"iletisim - Macro Shower","robots":{"index":"index","follow":"follow","max-snippet":"max-snippet:-1","max-image-preview":"max-image-preview:large","max-video-preview":"max-video-preview:-1"},"canonical":"https:\/\/macroparke.com\/index.php\/iletisim\/","og_locale":"en_US","og_type":"article","og_title":"iletisim - Macro Shower","og_description":"Dinlemek, Destek Olmak ve \u00dcretmek \u0130\u00e7in Buraday\u0131z Uzman ekibimiz, her a\u015famada sizinle birlikte \u00e7al\u0131\u015farak projelerinizi en iyi \u015fekilde hayata ge\u00e7irmeyi garanti eder. WhatsApp Bizimle \u0130leti\u015fime Ge\u00e7in \u00a0 A\u015fa\u011f\u0131daki formu doldurun, sizinle en k\u0131sa s\u00fcrede ileti\u015fime ge\u00e7ece\u011fiz. Ekibimiz en k\u0131sa s\u00fcrede size geri d\u00f6necektir Telefon:\u00a0 +90 532 287 64 01 E-posta:\u00a0\u00a0sales@themacrosign.comsales@macrosign.net Adres:\u00a0 Atakent Mah. 02015 Nolu...","og_url":"https:\/\/macroparke.com\/index.php\/iletisim\/","og_site_name":"Macro Shower","article_modified_time":"2025-12-19T11:15:23+00:00","og_image":[{"width":1024,"height":1024,"url":"https:\/\/macroparke.com\/wp-content\/uploads\/2025\/10\/655-1024x1024.png","type":"image\/png"}],"twitter_card":"summary_large_image","twitter_misc":{"Est. reading time":"1 minute"},"schema":{"@context":"https:\/\/schema.org","@graph":[{"@type":"WebPage","@id":"https:\/\/macroparke.com\/index.php\/iletisim\/","url":"https:\/\/macroparke.com\/index.php\/iletisim\/","name":"iletisim - Macro Shower","isPartOf":{"@id":"https:\/\/macroparke.com\/#website"},"primaryImageOfPage":{"@id":"https:\/\/macroparke.com\/index.php\/iletisim\/#primaryimage"},"image":{"@id":"https:\/\/macroparke.com\/index.php\/iletisim\/#primaryimage"},"thumbnailUrl":"https:\/\/macroparke.com\/wp-content\/uploads\/2025\/10\/655-1024x1024.png","datePublished":"2025-09-17T10:48:04+00:00","dateModified":"2025-12-19T11:15:23+00:00","breadcrumb":{"@id":"https:\/\/macroparke.com\/index.php\/iletisim\/#breadcrumb"},"inLanguage":"en-US","potentialAction":[{"@type":"ReadAction","target":["https:\/\/macroparke.com\/index.php\/iletisim\/"]}]},{"@type":"ImageObject","inLanguage":"en-US","@id":"https:\/\/macroparke.com\/index.php\/iletisim\/#primaryimage","url":"https:\/\/macroparke.com\/wp-content\/uploads\/2025\/10\/655.png","contentUrl":"https:\/\/macroparke.com\/wp-content\/uploads\/2025\/10\/655.png","width":2000,"height":2000},{"@type":"BreadcrumbList","@id":"https:\/\/macroparke.com\/index.php\/iletisim\/#breadcrumb","itemListElement":[{"@type":"ListItem","position":1,"name":"Home","item":"https:\/\/macroparke.com\/"},{"@type":"ListItem","position":2,"name":"iletisim"}]},{"@type":"WebSite","@id":"https:\/\/macroparke.com\/#website","url":"https:\/\/macroparke.com\/","name":"Macro Shower","description":"","publisher":{"@id":"https:\/\/macroparke.com\/#organization"},"potentialAction":[{"@type":"SearchAction","target":{"@type":"EntryPoint","urlTemplate":"https:\/\/macroparke.com\/?s={search_term_string}"},"query-input":{"@type":"PropertyValueSpecification","valueRequired":true,"valueName":"search_term_string"}}],"inLanguage":"en-US"},{"@type":"Organization","@id":"https:\/\/macroparke.com\/#organization","name":"Macro Shower","url":"https:\/\/macroparke.com\/","logo":{"@type":"ImageObject","inLanguage":"en-US","@id":"https:\/\/macroparke.com\/#\/schema\/logo\/image\/","url":"https:\/\/macroparke.com\/wp-content\/uploads\/2025\/09\/cropped-Macro-Sign-1.png","contentUrl":"https:\/\/macroparke.com\/wp-content\/uploads\/2025\/09\/cropped-Macro-Sign-1.png","width":498,"height":199,"caption":"Macro Shower"},"image":{"@id":"https:\/\/macroparke.com\/#\/schema\/logo\/image\/"}}]}},"_hostinger_reach_plugin_has_subscription_block":false,"_hostinger_reach_plugin_is_elementor":false,"_links":{"self":[{"href":"https:\/\/macroparke.com\/index.php\/wp-json\/wp\/v2\/pages\/1018","targetHints":{"allow":["GET"]}}],"collection":[{"href":"https:\/\/macroparke.com\/index.php\/wp-json\/wp\/v2\/pages"}],"about":[{"href":"https:\/\/macroparke.com\/index.php\/wp-json\/wp\/v2\/types\/page"}],"author":[{"embeddable":true,"href":"https:\/\/macroparke.com\/index.php\/wp-json\/wp\/v2\/users\/1"}],"replies":[{"embeddable":true,"href":"https:\/\/macroparke.com\/index.php\/wp-json\/wp\/v2\/comments?post=1018"}],"version-history":[{"count":55,"href":"https:\/\/macroparke.com\/index.php\/wp-json\/wp\/v2\/pages\/1018\/revisions"}],"predecessor-version":[{"id":1971,"href":"https:\/\/macroparke.com\/index.php\/wp-json\/wp\/v2\/pages\/1018\/revisions\/1971"}],"wp:attachment":[{"href":"https:\/\/macroparke.com\/index.php\/wp-json\/wp\/v2\/media?parent=1018"}],"curies":[{"name":"wp","href":"https:\/\/api.w.org\/{rel}","templated":true}]}}